{"id":3129,"date":"2023-06-21T10:30:12","date_gmt":"2023-06-21T10:30:12","guid":{"rendered":"https:\/\/carmafil.pt\/politica-privacidade\/"},"modified":"2025-05-05T15:45:21","modified_gmt":"2025-05-05T15:45:21","slug":"privacy-policy","status":"publish","type":"page","link":"https:\/\/carmafil.pt\/pt-pt\/privacy-policy\/","title":{"rendered":"Privacy Policy"},"content":{"rendered":"\t\t<div data-elementor-type=\"wp-page\" data-elementor-id=\"3129\" class=\"elementor elementor-3129 elementor-3\" data-elementor-post-type=\"page\">\n\t\t\t\t<div class=\"elementor-element elementor-element-39e08151 e-flex e-con-boxed e-con e-parent\" data-id=\"39e08151\" data-element_type=\"container\">\n\t\t\t\t\t<div class=\"e-con-inner\">\n\t\t\t\t<div class=\"elementor-element elementor-element-2dce091 elementor-widget elementor-widget-heading\" data-id=\"2dce091\" data-element_type=\"widget\" data-widget_type=\"heading.default\">\n\t\t\t\t<div class=\"elementor-widget-container\">\n\t\t\t\t\t<h2 class=\"elementor-heading-title elementor-size-default\">POL\u00cdTICA DE PRIVACIDADE<\/h2>\t\t\t\t<\/div>\n\t\t\t\t<\/div>\n\t\t\t\t<div class=\"elementor-element elementor-element-0680d60 elementor-widget elementor-widget-text-editor\" data-id=\"0680d60\" data-element_type=\"widget\" data-widget_type=\"text-editor.default\">\n\t\t\t\t<div class=\"elementor-widget-container\">\n\t\t\t\t\t\t\t\t\tA CARMAFIL compromete-se a proteger a privacidade e os dados pessoais dos utilizadores do seu site, em conformidade com o Regulamento Geral sobre a Prote\u00e7\u00e3o de Dados (RGPD) \u2014 Regulamento (UE) 2016\/679 \u2014 e demais legisla\u00e7\u00e3o aplic\u00e1vel. Esta Pol\u00edtica de Privacidade descreve como recolhemos, utilizamos, armazenamos e protegemos os seus dados pessoais.\t\t\t\t\t\t\t\t<\/div>\n\t\t\t\t<\/div>\n\t\t\t\t<div class=\"elementor-element elementor-element-f89edb4 elementor-widget elementor-widget-spacer\" data-id=\"f89edb4\" data-element_type=\"widget\" data-widget_type=\"spacer.default\">\n\t\t\t\t<div class=\"elementor-widget-container\">\n\t\t\t\t\t\t\t<div class=\"elementor-spacer\">\n\t\t\t<div class=\"elementor-spacer-inner\"><\/div>\n\t\t<\/div>\n\t\t\t\t\t\t<\/div>\n\t\t\t\t<\/div>\n\t\t\t\t<div class=\"elementor-element elementor-element-e292859 elementor-widget elementor-widget-heading\" data-id=\"e292859\" data-element_type=\"widget\" data-widget_type=\"heading.default\">\n\t\t\t\t<div class=\"elementor-widget-container\">\n\t\t\t\t\t<h2 class=\"elementor-heading-title elementor-size-default\">1. Respons\u00e1vel pelo Tratamento de Dados<\/h2>\t\t\t\t<\/div>\n\t\t\t\t<\/div>\n\t\t\t\t<div class=\"elementor-element elementor-element-8a03820 elementor-widget elementor-widget-text-editor\" data-id=\"8a03820\" data-element_type=\"widget\" data-widget_type=\"text-editor.default\">\n\t\t\t\t<div class=\"elementor-widget-container\">\n\t\t\t\t\t\t\t\t\tA CARMAFIL, com sede em [inserir morada], e com o NIPC [inserir NIPC], \u00e9 a respons\u00e1vel pelo tratamento dos dados pessoais recolhidos atrav\u00e9s deste website. Para qualquer quest\u00e3o relacionada com a prote\u00e7\u00e3o de dados, poder\u00e1 contactar-nos atrav\u00e9s do email: [inserir email de contacto para dados pessoais].\t\t\t\t\t\t\t\t<\/div>\n\t\t\t\t<\/div>\n\t\t\t\t<div class=\"elementor-element elementor-element-f3c5366 elementor-widget elementor-widget-spacer\" data-id=\"f3c5366\" data-element_type=\"widget\" data-widget_type=\"spacer.default\">\n\t\t\t\t<div class=\"elementor-widget-container\">\n\t\t\t\t\t\t\t<div class=\"elementor-spacer\">\n\t\t\t<div class=\"elementor-spacer-inner\"><\/div>\n\t\t<\/div>\n\t\t\t\t\t\t<\/div>\n\t\t\t\t<\/div>\n\t\t\t\t<div class=\"elementor-element elementor-element-8539a87 elementor-widget elementor-widget-heading\" data-id=\"8539a87\" data-element_type=\"widget\" data-widget_type=\"heading.default\">\n\t\t\t\t<div class=\"elementor-widget-container\">\n\t\t\t\t\t<h2 class=\"elementor-heading-title elementor-size-default\">2. Dados Pessoais Recolhidos<\/h2>\t\t\t\t<\/div>\n\t\t\t\t<\/div>\n\t\t\t\t<div class=\"elementor-element elementor-element-427594d elementor-widget elementor-widget-text-editor\" data-id=\"427594d\" data-element_type=\"widget\" data-widget_type=\"text-editor.default\">\n\t\t\t\t<div class=\"elementor-widget-container\">\n\t\t\t\t\t\t\t\t\t<p><strong>2.1. Formul\u00e1rio de Den\u00fancias<\/strong><\/p>\n<p>Ao utilizar o nosso Canal de Den\u00fancias, poder\u00e3o ser recolhidos os seguintes dados:<\/p>\n<ul>\n<li>Nome (opcional)<\/li>\n<li>Apelido (opcional)<\/li>\n<li>Email (opcional)<\/li>\n<li>Telefone (opcional)<\/li>\n<li>Ficheiros anexados (caso aplic\u00e1vel)<\/li>\n<\/ul>\n<p>O fornecimento destes dados \u00e9 facultativo e destina-se exclusivamente a permitir contacto caso sejam necess\u00e1rios esclarecimentos adicionais por parte das autoridades competentes. O anonimato \u00e9 garantido sempre que o utilizador assim o desejar.<\/p>\t\t\t\t\t\t\t\t<\/div>\n\t\t\t\t<\/div>\n\t\t\t\t<div class=\"elementor-element elementor-element-e8e363e elementor-widget elementor-widget-text-editor\" data-id=\"e8e363e\" data-element_type=\"widget\" data-widget_type=\"text-editor.default\">\n\t\t\t\t<div class=\"elementor-widget-container\">\n\t\t\t\t\t\t\t\t\t<p><strong>2.2. Subscri\u00e7\u00e3o da Newsletter<br \/><\/strong> Para subscrever a nossa Newsletter, recolhemos os seguintes dados:<\/p>\n<ul>\n<li>Nome<\/li>\n<li>Email<\/li>\n<\/ul>\n<p>Os dados recolhidos ser\u00e3o utilizados exclusivamente para o envio de comunica\u00e7\u00f5es informativas e promocionais relacionadas com a CARMAFIL.<\/p>\t\t\t\t\t\t\t\t<\/div>\n\t\t\t\t<\/div>\n\t\t\t\t<div class=\"elementor-element elementor-element-2bc6940 elementor-widget elementor-widget-spacer\" data-id=\"2bc6940\" data-element_type=\"widget\" data-widget_type=\"spacer.default\">\n\t\t\t\t<div class=\"elementor-widget-container\">\n\t\t\t\t\t\t\t<div class=\"elementor-spacer\">\n\t\t\t<div class=\"elementor-spacer-inner\"><\/div>\n\t\t<\/div>\n\t\t\t\t\t\t<\/div>\n\t\t\t\t<\/div>\n\t\t\t\t<div class=\"elementor-element elementor-element-465cdfa elementor-widget elementor-widget-heading\" data-id=\"465cdfa\" data-element_type=\"widget\" data-widget_type=\"heading.default\">\n\t\t\t\t<div class=\"elementor-widget-container\">\n\t\t\t\t\t<h2 class=\"elementor-heading-title elementor-size-default\">3. Finalidades do Tratamento de Dados<\/h2>\t\t\t\t<\/div>\n\t\t\t\t<\/div>\n\t\t\t\t<div class=\"elementor-element elementor-element-795ee93 elementor-widget elementor-widget-text-editor\" data-id=\"795ee93\" data-element_type=\"widget\" data-widget_type=\"text-editor.default\">\n\t\t\t\t<div class=\"elementor-widget-container\">\n\t\t\t\t\t\t\t\t\t<p>Os dados pessoais recolhidos ser\u00e3o utilizados para as seguintes finalidades:<\/p>\n<ul>\n<li>Gest\u00e3o e acompanhamento de den\u00fancias submetidas atrav\u00e9s do Canal de Den\u00fancias.<\/li>\n<li>Comunica\u00e7\u00e3o de novidades, informa\u00e7\u00f5es e campanhas da CARMAFIL atrav\u00e9s da Newsletter (apenas com o consentimento do utilizador).<\/li>\n<li>Cumprimento de obriga\u00e7\u00f5es legais aplic\u00e1veis.<\/li>\n<\/ul>\t\t\t\t\t\t\t\t<\/div>\n\t\t\t\t<\/div>\n\t\t\t\t<div class=\"elementor-element elementor-element-8f64973 elementor-widget elementor-widget-spacer\" data-id=\"8f64973\" data-element_type=\"widget\" data-widget_type=\"spacer.default\">\n\t\t\t\t<div class=\"elementor-widget-container\">\n\t\t\t\t\t\t\t<div class=\"elementor-spacer\">\n\t\t\t<div class=\"elementor-spacer-inner\"><\/div>\n\t\t<\/div>\n\t\t\t\t\t\t<\/div>\n\t\t\t\t<\/div>\n\t\t\t\t<div class=\"elementor-element elementor-element-4c4c86c elementor-widget elementor-widget-heading\" data-id=\"4c4c86c\" data-element_type=\"widget\" data-widget_type=\"heading.default\">\n\t\t\t\t<div class=\"elementor-widget-container\">\n\t\t\t\t\t<h2 class=\"elementor-heading-title elementor-size-default\">4. Conserva\u00e7\u00e3o dos Dados<\/h2>\t\t\t\t<\/div>\n\t\t\t\t<\/div>\n\t\t\t\t<div class=\"elementor-element elementor-element-5337e32 elementor-widget elementor-widget-text-editor\" data-id=\"5337e32\" data-element_type=\"widget\" data-widget_type=\"text-editor.default\">\n\t\t\t\t<div class=\"elementor-widget-container\">\n\t\t\t\t\t\t\t\t\t<p>Os dados pessoais ser\u00e3o conservados apenas pelo per\u00edodo estritamente necess\u00e1rio para cumprir as finalidades acima mencionadas ou at\u00e9 que o utilizador solicite a elimina\u00e7\u00e3o dos seus dados. No caso do <strong data-start=\"2469\" data-end=\"2491\">Canal de Den\u00fancias<\/strong>, os dados ser\u00e3o armazenados em conformidade com os prazos legais aplic\u00e1veis \u00e0s investiga\u00e7\u00f5es.<\/p>\t\t\t\t\t\t\t\t<\/div>\n\t\t\t\t<\/div>\n\t\t\t\t<div class=\"elementor-element elementor-element-dfd4898 elementor-widget elementor-widget-spacer\" data-id=\"dfd4898\" data-element_type=\"widget\" data-widget_type=\"spacer.default\">\n\t\t\t\t<div class=\"elementor-widget-container\">\n\t\t\t\t\t\t\t<div class=\"elementor-spacer\">\n\t\t\t<div class=\"elementor-spacer-inner\"><\/div>\n\t\t<\/div>\n\t\t\t\t\t\t<\/div>\n\t\t\t\t<\/div>\n\t\t\t\t<div class=\"elementor-element elementor-element-f0417a6 elementor-widget elementor-widget-heading\" data-id=\"f0417a6\" data-element_type=\"widget\" data-widget_type=\"heading.default\">\n\t\t\t\t<div class=\"elementor-widget-container\">\n\t\t\t\t\t<h2 class=\"elementor-heading-title elementor-size-default\">5. Partilha de Dados Pessoais<\/h2>\t\t\t\t<\/div>\n\t\t\t\t<\/div>\n\t\t\t\t<div class=\"elementor-element elementor-element-c1a72d6 elementor-widget elementor-widget-text-editor\" data-id=\"c1a72d6\" data-element_type=\"widget\" data-widget_type=\"text-editor.default\">\n\t\t\t\t<div class=\"elementor-widget-container\">\n\t\t\t\t\t\t\t\t\t<p>A CARMAFIL compromete-se a n\u00e3o partilhar os seus dados pessoais com terceiros, exceto quando tal seja exigido por lei ou por autoridades judiciais ou policiais.<\/p>\t\t\t\t\t\t\t\t<\/div>\n\t\t\t\t<\/div>\n\t\t\t\t<div class=\"elementor-element elementor-element-2dc94c3 elementor-widget elementor-widget-spacer\" data-id=\"2dc94c3\" data-element_type=\"widget\" data-widget_type=\"spacer.default\">\n\t\t\t\t<div class=\"elementor-widget-container\">\n\t\t\t\t\t\t\t<div class=\"elementor-spacer\">\n\t\t\t<div class=\"elementor-spacer-inner\"><\/div>\n\t\t<\/div>\n\t\t\t\t\t\t<\/div>\n\t\t\t\t<\/div>\n\t\t\t\t<div class=\"elementor-element elementor-element-7a9a2fa elementor-widget elementor-widget-heading\" data-id=\"7a9a2fa\" data-element_type=\"widget\" data-widget_type=\"heading.default\">\n\t\t\t\t<div class=\"elementor-widget-container\">\n\t\t\t\t\t<h2 class=\"elementor-heading-title elementor-size-default\">6. Direitos dos Titulares dos Dados<\/h2>\t\t\t\t<\/div>\n\t\t\t\t<\/div>\n\t\t\t\t<div class=\"elementor-element elementor-element-ca47292 elementor-widget elementor-widget-text-editor\" data-id=\"ca47292\" data-element_type=\"widget\" data-widget_type=\"text-editor.default\">\n\t\t\t\t<div class=\"elementor-widget-container\">\n\t\t\t\t\t\t\t\t\t<p>Nos termos do RGPD, os utilizadores t\u00eam os seguintes direitos:<\/p>\n<ul>\n<li><strong>Direito de acesso \u2013<\/strong> Obter confirma\u00e7\u00e3o sobre o tratamento dos seus dados e aceder \u00e0s informa\u00e7\u00f5es recolhidas.<\/li>\n<li><strong>Direito de retifica\u00e7\u00e3o \u2013<\/strong> Solicitar a corre\u00e7\u00e3o ou atualiza\u00e7\u00e3o de dados incorretos ou incompletos.<\/li>\n<li><strong>Direito ao apagamento \u2013<\/strong> Requerer a elimina\u00e7\u00e3o dos seus dados pessoais, quando aplic\u00e1vel.<\/li>\n<li><strong>Direito de limita\u00e7\u00e3o do tratamento \u2013<\/strong> Solicitar a restri\u00e7\u00e3o do tratamento dos seus dados em determinadas circunst\u00e2ncias.<\/li>\n<li><strong>Direito de oposi\u00e7\u00e3o \u2013<\/strong> Opor-se ao tratamento dos seus dados pessoais por motivos leg\u00edtimos.<\/li>\n<li><strong>Direito \u00e0 portabilidade \u2013<\/strong> Solicitar a transfer\u00eancia dos seus dados para outra entidade.<\/li>\n<\/ul>\n<p>Para exercer qualquer um destes direitos, contacte-nos atrav\u00e9s do email: [inserir email de contacto].<\/p>\t\t\t\t\t\t\t\t<\/div>\n\t\t\t\t<\/div>\n\t\t\t\t<div class=\"elementor-element elementor-element-30166a7 elementor-widget elementor-widget-spacer\" data-id=\"30166a7\" data-element_type=\"widget\" data-widget_type=\"spacer.default\">\n\t\t\t\t<div class=\"elementor-widget-container\">\n\t\t\t\t\t\t\t<div class=\"elementor-spacer\">\n\t\t\t<div class=\"elementor-spacer-inner\"><\/div>\n\t\t<\/div>\n\t\t\t\t\t\t<\/div>\n\t\t\t\t<\/div>\n\t\t\t\t<div class=\"elementor-element elementor-element-266df1a elementor-widget elementor-widget-heading\" data-id=\"266df1a\" data-element_type=\"widget\" data-widget_type=\"heading.default\">\n\t\t\t\t<div class=\"elementor-widget-container\">\n\t\t\t\t\t<h2 class=\"elementor-heading-title elementor-size-default\">7. Seguran\u00e7a dos Dados<\/h2>\t\t\t\t<\/div>\n\t\t\t\t<\/div>\n\t\t\t\t<div class=\"elementor-element elementor-element-cd75588 elementor-widget elementor-widget-text-editor\" data-id=\"cd75588\" data-element_type=\"widget\" data-widget_type=\"text-editor.default\">\n\t\t\t\t<div class=\"elementor-widget-container\">\n\t\t\t\t\t\t\t\t\t<p><strong>CARMAFIL<\/strong> <span style=\"font-family: -apple-system, BlinkMacSystemFont, 'Segoe UI', Roboto, 'Helvetica Neue', Arial, 'Noto Sans', sans-serif, 'Apple Color Emoji', 'Segoe UI Emoji', 'Segoe UI Symbol', 'Noto Color Emoji';\">adota medidas t\u00e9cnicas e organizativas adequadas para garantir a seguran\u00e7a e confidencialidade dos dados pessoais, protegendo-os contra o acesso n\u00e3o autorizado, perda, destrui\u00e7\u00e3o ou divulga\u00e7\u00e3o indevida.<\/span><\/p>\t\t\t\t\t\t\t\t<\/div>\n\t\t\t\t<\/div>\n\t\t\t\t<div class=\"elementor-element elementor-element-a722691 elementor-widget elementor-widget-spacer\" data-id=\"a722691\" data-element_type=\"widget\" data-widget_type=\"spacer.default\">\n\t\t\t\t<div class=\"elementor-widget-container\">\n\t\t\t\t\t\t\t<div class=\"elementor-spacer\">\n\t\t\t<div class=\"elementor-spacer-inner\"><\/div>\n\t\t<\/div>\n\t\t\t\t\t\t<\/div>\n\t\t\t\t<\/div>\n\t\t\t\t<div class=\"elementor-element elementor-element-7569f28 elementor-widget elementor-widget-heading\" data-id=\"7569f28\" data-element_type=\"widget\" data-widget_type=\"heading.default\">\n\t\t\t\t<div class=\"elementor-widget-container\">\n\t\t\t\t\t<h2 class=\"elementor-heading-title elementor-size-default\">8. Cookies e Tecnologias de Rastreio<\/h2>\t\t\t\t<\/div>\n\t\t\t\t<\/div>\n\t\t\t\t<div class=\"elementor-element elementor-element-9581748 elementor-widget elementor-widget-text-editor\" data-id=\"9581748\" data-element_type=\"widget\" data-widget_type=\"text-editor.default\">\n\t\t\t\t<div class=\"elementor-widget-container\">\n\t\t\t\t\t\t\t\t\t<p>O site utiliza cookies para melhorar a experi\u00eancia de navega\u00e7\u00e3o. Estes pequenos ficheiros s\u00e3o armazenados no dispositivo do utilizador e permitem personalizar conte\u00fados e analisar o tr\u00e1fego do site.<br \/>O utilizador pode, a qualquer momento, configurar o seu navegador para bloquear ou eliminar cookies. No entanto, isso poder\u00e1 afetar o correto funcionamento de algumas funcionalidades do site.<\/p>\t\t\t\t\t\t\t\t<\/div>\n\t\t\t\t<\/div>\n\t\t\t\t<div class=\"elementor-element elementor-element-a404c2c elementor-widget elementor-widget-spacer\" data-id=\"a404c2c\" data-element_type=\"widget\" data-widget_type=\"spacer.default\">\n\t\t\t\t<div class=\"elementor-widget-container\">\n\t\t\t\t\t\t\t<div class=\"elementor-spacer\">\n\t\t\t<div class=\"elementor-spacer-inner\"><\/div>\n\t\t<\/div>\n\t\t\t\t\t\t<\/div>\n\t\t\t\t<\/div>\n\t\t\t\t<div class=\"elementor-element elementor-element-7d1dafb elementor-widget elementor-widget-heading\" data-id=\"7d1dafb\" data-element_type=\"widget\" data-widget_type=\"heading.default\">\n\t\t\t\t<div class=\"elementor-widget-container\">\n\t\t\t\t\t<h2 class=\"elementor-heading-title elementor-size-default\">9. Liga\u00e7\u00f5es para Sites de Terceiros<\/h2>\t\t\t\t<\/div>\n\t\t\t\t<\/div>\n\t\t\t\t<div class=\"elementor-element elementor-element-1b8d18e elementor-widget elementor-widget-text-editor\" data-id=\"1b8d18e\" data-element_type=\"widget\" data-widget_type=\"text-editor.default\">\n\t\t\t\t<div class=\"elementor-widget-container\">\n\t\t\t\t\t\t\t\t\t<p>O site da <strong>CARMAFIL<\/strong> poder\u00e1 conter links para sites externos. A presente Pol\u00edtica de Privacidade n\u00e3o se aplica a esses sites, pelo que recomendamos a consulta das respetivas pol\u00edticas de privacidade antes de fornecer qualquer dado pessoal.<\/p>\t\t\t\t\t\t\t\t<\/div>\n\t\t\t\t<\/div>\n\t\t\t\t<div class=\"elementor-element elementor-element-bd27d41 elementor-widget elementor-widget-spacer\" data-id=\"bd27d41\" data-element_type=\"widget\" data-widget_type=\"spacer.default\">\n\t\t\t\t<div class=\"elementor-widget-container\">\n\t\t\t\t\t\t\t<div class=\"elementor-spacer\">\n\t\t\t<div class=\"elementor-spacer-inner\"><\/div>\n\t\t<\/div>\n\t\t\t\t\t\t<\/div>\n\t\t\t\t<\/div>\n\t\t\t\t<div class=\"elementor-element elementor-element-31f49e6 elementor-widget elementor-widget-heading\" data-id=\"31f49e6\" data-element_type=\"widget\" data-widget_type=\"heading.default\">\n\t\t\t\t<div class=\"elementor-widget-container\">\n\t\t\t\t\t<h2 class=\"elementor-heading-title elementor-size-default\">10. Altera\u00e7\u00f5es \u00e0 Pol\u00edtica de Privacidade<\/h2>\t\t\t\t<\/div>\n\t\t\t\t<\/div>\n\t\t\t\t<div class=\"elementor-element elementor-element-84761af elementor-widget elementor-widget-text-editor\" data-id=\"84761af\" data-element_type=\"widget\" data-widget_type=\"text-editor.default\">\n\t\t\t\t<div class=\"elementor-widget-container\">\n\t\t\t\t\t\t\t\t\t<p>A <strong>CARMAFIL<\/strong> reserva-se o direito de alterar esta Pol\u00edtica de Privacidade a qualquer momento. Quaisquer altera\u00e7\u00f5es ser\u00e3o publicadas neste espa\u00e7o, pelo que recomendamos a sua consulta regular. \u00daltima atualiza\u00e7\u00e3o:<\/p>\n<p>[Inserir data]<\/p>\t\t\t\t\t\t\t\t<\/div>\n\t\t\t\t<\/div>\n\t\t\t\t\t<\/div>\n\t\t\t\t<\/div>\n\t\t\t\t<\/div>\n\t\t","protected":false},"excerpt":{"rendered":"<p>POL\u00cdTICA DE PRIVACIDADE A CARMAFIL compromete-se a proteger a privacidade e os dados pessoais dos utilizadores do seu site, em conformidade com o Regulamento Geral sobre a Prote\u00e7\u00e3o de Dados (RGPD) \u2014 Regulamento (UE) 2016\/679 \u2014 e demais legisla\u00e7\u00e3o aplic\u00e1vel. Esta Pol\u00edtica de Privacidade descreve como recolhemos, utilizamos, armazenamos e protegemos os seus dados pessoais. [&hellip;]<\/p>\n","protected":false},"author":1,"featured_media":0,"parent":0,"menu_order":0,"comment_status":"closed","ping_status":"closed","template":"elementor_header_footer","meta":{"footnotes":""},"class_list":["post-3129","page","type-page","status-publish","hentry"],"yoast_head":"<!-- This site is optimized with the Yoast SEO plugin v25.0 - https:\/\/yoast.com\/wordpress\/plugins\/seo\/ -->\n<title>Privacy Policy - Carmafil<\/title>\n<meta name=\"robots\" content=\"index, follow, max-snippet:-1, max-image-preview:large, max-video-preview:-1\" \/>\n<link rel=\"canonical\" href=\"https:\/\/carmafil.pt\/pt-pt\/privacy-policy\/\" \/>\n<meta property=\"og:locale\" content=\"pt_PT\" \/>\n<meta property=\"og:type\" content=\"article\" \/>\n<meta property=\"og:title\" content=\"Privacy Policy - Carmafil\" \/>\n<meta property=\"og:description\" content=\"POL\u00cdTICA DE PRIVACIDADE A CARMAFIL compromete-se a proteger a privacidade e os dados pessoais dos utilizadores do seu site, em conformidade com o Regulamento Geral sobre a Prote\u00e7\u00e3o de Dados (RGPD) \u2014 Regulamento (UE) 2016\/679 \u2014 e demais legisla\u00e7\u00e3o aplic\u00e1vel. Esta Pol\u00edtica de Privacidade descreve como recolhemos, utilizamos, armazenamos e protegemos os seus dados pessoais. [&hellip;]\" \/>\n<meta property=\"og:url\" content=\"https:\/\/carmafil.pt\/pt-pt\/privacy-policy\/\" \/>\n<meta property=\"og:site_name\" content=\"Carmafil\" \/>\n<meta property=\"article:publisher\" content=\"https:\/\/www.facebook.com\/carmafil\/?ref=content_filter\" \/>\n<meta property=\"article:modified_time\" content=\"2025-05-05T15:45:21+00:00\" \/>\n<meta name=\"twitter:card\" content=\"summary_large_image\" \/>\n<meta name=\"twitter:label1\" content=\"Tempo estimado de leitura\" \/>\n\t<meta name=\"twitter:data1\" content=\"3 minutos\" \/>\n<script type=\"application\/ld+json\" class=\"yoast-schema-graph\">{\"@context\":\"https:\/\/schema.org\",\"@graph\":[{\"@type\":\"WebPage\",\"@id\":\"https:\/\/carmafil.pt\/pt-pt\/privacy-policy\/\",\"url\":\"https:\/\/carmafil.pt\/pt-pt\/privacy-policy\/\",\"name\":\"Privacy Policy - Carmafil\",\"isPartOf\":{\"@id\":\"https:\/\/carmafil.pt\/pt-pt\/#website\"},\"datePublished\":\"2023-06-21T10:30:12+00:00\",\"dateModified\":\"2025-05-05T15:45:21+00:00\",\"breadcrumb\":{\"@id\":\"https:\/\/carmafil.pt\/pt-pt\/privacy-policy\/#breadcrumb\"},\"inLanguage\":\"pt-PT\",\"potentialAction\":[{\"@type\":\"ReadAction\",\"target\":[\"https:\/\/carmafil.pt\/pt-pt\/privacy-policy\/\"]}]},{\"@type\":\"BreadcrumbList\",\"@id\":\"https:\/\/carmafil.pt\/pt-pt\/privacy-policy\/#breadcrumb\",\"itemListElement\":[{\"@type\":\"ListItem\",\"position\":1,\"name\":\"Home\",\"item\":\"https:\/\/carmafil.pt\/pt-pt\/\"},{\"@type\":\"ListItem\",\"position\":2,\"name\":\"Privacy Policy\"}]},{\"@type\":\"WebSite\",\"@id\":\"https:\/\/carmafil.pt\/pt-pt\/#website\",\"url\":\"https:\/\/carmafil.pt\/pt-pt\/\",\"name\":\"Carmafil\",\"description\":\"Ind\u00fastria T\u00eaxtil e Confec\u00e7\u00f5es Lda\",\"publisher\":{\"@id\":\"https:\/\/carmafil.pt\/pt-pt\/#organization\"},\"potentialAction\":[{\"@type\":\"SearchAction\",\"target\":{\"@type\":\"EntryPoint\",\"urlTemplate\":\"https:\/\/carmafil.pt\/pt-pt\/?s={search_term_string}\"},\"query-input\":{\"@type\":\"PropertyValueSpecification\",\"valueRequired\":true,\"valueName\":\"search_term_string\"}}],\"inLanguage\":\"pt-PT\"},{\"@type\":\"Organization\",\"@id\":\"https:\/\/carmafil.pt\/pt-pt\/#organization\",\"name\":\"Carmafil\",\"url\":\"https:\/\/carmafil.pt\/pt-pt\/\",\"logo\":{\"@type\":\"ImageObject\",\"inLanguage\":\"pt-PT\",\"@id\":\"https:\/\/carmafil.pt\/pt-pt\/#\/schema\/logo\/image\/\",\"url\":\"https:\/\/carmafil.pt\/wp-content\/uploads\/2023\/06\/carmafil_logo_blue.svg\",\"contentUrl\":\"https:\/\/carmafil.pt\/wp-content\/uploads\/2023\/06\/carmafil_logo_blue.svg\",\"width\":350,\"height\":100,\"caption\":\"Carmafil\"},\"image\":{\"@id\":\"https:\/\/carmafil.pt\/pt-pt\/#\/schema\/logo\/image\/\"},\"sameAs\":[\"https:\/\/www.facebook.com\/carmafil\/?ref=content_filter\",\"https:\/\/www.instagram.com\/carmafil\/\",\"https:\/\/pt.linkedin.com\/company\/carmafiltextile\"]}]}<\/script>\n<!-- \/ Yoast SEO plugin. -->","yoast_head_json":{"title":"Privacy Policy - Carmafil","robots":{"index":"index","follow":"follow","max-snippet":"max-snippet:-1","max-image-preview":"max-image-preview:large","max-video-preview":"max-video-preview:-1"},"canonical":"https:\/\/carmafil.pt\/pt-pt\/privacy-policy\/","og_locale":"pt_PT","og_type":"article","og_title":"Privacy Policy - Carmafil","og_description":"POL\u00cdTICA DE PRIVACIDADE A CARMAFIL compromete-se a proteger a privacidade e os dados pessoais dos utilizadores do seu site, em conformidade com o Regulamento Geral sobre a Prote\u00e7\u00e3o de Dados (RGPD) \u2014 Regulamento (UE) 2016\/679 \u2014 e demais legisla\u00e7\u00e3o aplic\u00e1vel. Esta Pol\u00edtica de Privacidade descreve como recolhemos, utilizamos, armazenamos e protegemos os seus dados pessoais. [&hellip;]","og_url":"https:\/\/carmafil.pt\/pt-pt\/privacy-policy\/","og_site_name":"Carmafil","article_publisher":"https:\/\/www.facebook.com\/carmafil\/?ref=content_filter","article_modified_time":"2025-05-05T15:45:21+00:00","twitter_card":"summary_large_image","twitter_misc":{"Tempo estimado de leitura":"3 minutos"},"schema":{"@context":"https:\/\/schema.org","@graph":[{"@type":"WebPage","@id":"https:\/\/carmafil.pt\/pt-pt\/privacy-policy\/","url":"https:\/\/carmafil.pt\/pt-pt\/privacy-policy\/","name":"Privacy Policy - Carmafil","isPartOf":{"@id":"https:\/\/carmafil.pt\/pt-pt\/#website"},"datePublished":"2023-06-21T10:30:12+00:00","dateModified":"2025-05-05T15:45:21+00:00","breadcrumb":{"@id":"https:\/\/carmafil.pt\/pt-pt\/privacy-policy\/#breadcrumb"},"inLanguage":"pt-PT","potentialAction":[{"@type":"ReadAction","target":["https:\/\/carmafil.pt\/pt-pt\/privacy-policy\/"]}]},{"@type":"BreadcrumbList","@id":"https:\/\/carmafil.pt\/pt-pt\/privacy-policy\/#breadcrumb","itemListElement":[{"@type":"ListItem","position":1,"name":"Home","item":"https:\/\/carmafil.pt\/pt-pt\/"},{"@type":"ListItem","position":2,"name":"Privacy Policy"}]},{"@type":"WebSite","@id":"https:\/\/carmafil.pt\/pt-pt\/#website","url":"https:\/\/carmafil.pt\/pt-pt\/","name":"Carmafil","description":"Ind\u00fastria T\u00eaxtil e Confec\u00e7\u00f5es Lda","publisher":{"@id":"https:\/\/carmafil.pt\/pt-pt\/#organization"},"potentialAction":[{"@type":"SearchAction","target":{"@type":"EntryPoint","urlTemplate":"https:\/\/carmafil.pt\/pt-pt\/?s={search_term_string}"},"query-input":{"@type":"PropertyValueSpecification","valueRequired":true,"valueName":"search_term_string"}}],"inLanguage":"pt-PT"},{"@type":"Organization","@id":"https:\/\/carmafil.pt\/pt-pt\/#organization","name":"Carmafil","url":"https:\/\/carmafil.pt\/pt-pt\/","logo":{"@type":"ImageObject","inLanguage":"pt-PT","@id":"https:\/\/carmafil.pt\/pt-pt\/#\/schema\/logo\/image\/","url":"https:\/\/carmafil.pt\/wp-content\/uploads\/2023\/06\/carmafil_logo_blue.svg","contentUrl":"https:\/\/carmafil.pt\/wp-content\/uploads\/2023\/06\/carmafil_logo_blue.svg","width":350,"height":100,"caption":"Carmafil"},"image":{"@id":"https:\/\/carmafil.pt\/pt-pt\/#\/schema\/logo\/image\/"},"sameAs":["https:\/\/www.facebook.com\/carmafil\/?ref=content_filter","https:\/\/www.instagram.com\/carmafil\/","https:\/\/pt.linkedin.com\/company\/carmafiltextile"]}]}},"_links":{"self":[{"href":"https:\/\/carmafil.pt\/pt-pt\/wp-json\/wp\/v2\/pages\/3129","targetHints":{"allow":["GET"]}}],"collection":[{"href":"https:\/\/carmafil.pt\/pt-pt\/wp-json\/wp\/v2\/pages"}],"about":[{"href":"https:\/\/carmafil.pt\/pt-pt\/wp-json\/wp\/v2\/types\/page"}],"author":[{"embeddable":true,"href":"https:\/\/carmafil.pt\/pt-pt\/wp-json\/wp\/v2\/users\/1"}],"replies":[{"embeddable":true,"href":"https:\/\/carmafil.pt\/pt-pt\/wp-json\/wp\/v2\/comments?post=3129"}],"version-history":[{"count":1,"href":"https:\/\/carmafil.pt\/pt-pt\/wp-json\/wp\/v2\/pages\/3129\/revisions"}],"predecessor-version":[{"id":3132,"href":"https:\/\/carmafil.pt\/pt-pt\/wp-json\/wp\/v2\/pages\/3129\/revisions\/3132"}],"wp:attachment":[{"href":"https:\/\/carmafil.pt\/pt-pt\/wp-json\/wp\/v2\/media?parent=3129"}],"curies":[{"name":"wp","href":"https:\/\/api.w.org\/{rel}","templated":true}]}}